{"id":151,"date":"2023-12-03T14:38:32","date_gmt":"2023-12-03T13:38:32","guid":{"rendered":"https:\/\/www.fabianurban.pl\/?page_id=151"},"modified":"2026-01-27T23:01:58","modified_gmt":"2026-01-27T22:01:58","slug":"about","status":"publish","type":"page","link":"https:\/\/www.fabianurban.pl\/en\/about\/","title":{"rendered":"About me"},"content":{"rendered":"<div class=\"wp-block-columns is-layout-flex wp-container-core-columns-is-layout-1 wp-block-columns-is-layout-flex\">\n<div class=\"wp-block-column is-layout-flow wp-block-column-is-layout-flow\" style=\"flex-basis:33.33%\">\n<figure class=\"wp-block-image size-large\"><img loading=\"lazy\" decoding=\"async\" width=\"683\" height=\"1024\" src=\"https:\/\/www.fabianurban.pl\/wp-content\/uploads\/2023\/10\/dr_fabian_urban_portrait_white-683x1024.webp\" alt=\"\" class=\"wp-image-13\" srcset=\"https:\/\/www.fabianurban.pl\/wp-content\/uploads\/2023\/10\/dr_fabian_urban_portrait_white-683x1024.webp 683w, https:\/\/www.fabianurban.pl\/wp-content\/uploads\/2023\/10\/dr_fabian_urban_portrait_white-200x300.webp 200w, https:\/\/www.fabianurban.pl\/wp-content\/uploads\/2023\/10\/dr_fabian_urban_portrait_white-768x1152.webp 768w, https:\/\/www.fabianurban.pl\/wp-content\/uploads\/2023\/10\/dr_fabian_urban_portrait_white-1024x1536.webp 1024w, https:\/\/www.fabianurban.pl\/wp-content\/uploads\/2023\/10\/dr_fabian_urban_portrait_white-1366x2048.webp 1366w, https:\/\/www.fabianurban.pl\/wp-content\/uploads\/2023\/10\/dr_fabian_urban_portrait_white.webp 1667w\" sizes=\"(max-width: 683px) 100vw, 683px\" \/><\/figure>\n<\/div>\n\n\n\n<div class=\"wp-block-column is-layout-flow wp-block-column-is-layout-flow\" style=\"flex-basis:66.66%\">\n<p>I am a specialist in plastic surgery, which is the result of many years of education and practice in the field of medicine. I started my medical practice in 2006 when I graduated from the Pomeranian Medical Academy in Szczecin. I gained my medical experience during my internship at the Independent Public Clinical Hospital No. 1 in Szczecin and during my work at the Zachodniopomorskie Specialist Hospital in Gryfice. I completed my specialisation under the supervision of Andrzej Krajewski, MD, PhD  at the Department of the West Pomeranian Centre for Treatment of Severe Burns and Plastic Surgery. My work at the above-mentioned hospital provided me with invaluable experience and allowed me to learn many aspects of plastic and reconstructive surgery. An important step in my career was the specialisation exam in plastic surgery, which I passed successfully.&nbsp;<\/p>\n\n\n\n<p>In 2010, I earned my doctorate in medical sciences by defending my thesis, supervised by Professor Barbara Wiszniewska, MD.<\/p>\n\n\n\n<p>I am a member of the Polish Society of Plastic, Reconstructive and Aesthetic Surgery and the International Society of Plastic Surgeons, The International Society of Aesthetic Plastic Surgery, which allows me to continually develop and learn from the best.<\/p>\n\n\n\n<p>My medical practice focuses on plastic and reconstructive surgery. My goal is to help patients in their quest to improve their appearance and regain their self-confidence. In my work, I place great emphasis on patient safety and achieving satisfaction with the results. I strive to deliver natural and harmonious results that enhance each person's unique beauty.<\/p>\n\n\n\n<p>&nbsp;I believe in continuous development and learning, which is why I am open to the latest technologies and methods in the field of plastic surgery. My goal is to provide the highest level of service, which is made possible by my passion for medicine and plastic surgery.<\/p>\n<\/div>\n<\/div>\n\n\n\n<div style=\"height:200px\" aria-hidden=\"true\" class=\"wp-block-spacer\"><\/div>\n\n\n\n<div class=\"wp-block-columns is-layout-flex wp-container-core-columns-is-layout-2 wp-block-columns-is-layout-flex\">\n<div class=\"wp-block-column is-layout-flow wp-block-column-is-layout-flow\">\n<h4 class=\"wp-block-heading has-text-align-center\">Diplomas and awards<\/h4>\n<\/div>\n<\/div>\n\n\n\n<figure class=\"wp-block-gallery has-nested-images columns-default is-cropped wp-block-gallery-1 is-layout-flex wp-block-gallery-is-layout-flex\"><\/figure>","protected":false},"excerpt":{"rendered":"<p>Jestem lekarzem specjalist\u0105 w dziedzinie chirurgii plastycznej, co stanowi efekt wieloletniej edukacji i praktyki w obszarze medycyny. Praktyk\u0119 lekarsk\u0105 rozpocz\u0105\u0142em w 2006 roku, kiedy to uko\u0144czy\u0142em Pomorsk\u0105 Akademi\u0119 Medyczn\u0105 w Szczecinie. Swoje do\u015bwiadczenie lekarskie zdoby\u0142em podczas sta\u017cu w Samodzielnym Publicznym Szpitalu Kliniczny Nr 1 w Szczecinie oraz w trakcie pracy w Zachodniopomorskim Szpitalu Specjalistycznym w [&hellip;]<\/p>","protected":false},"author":1,"featured_media":0,"parent":0,"menu_order":0,"comment_status":"closed","ping_status":"closed","template":"","meta":{"_acf_changed":false,"_monsterinsights_skip_tracking":false,"_monsterinsights_sitenote_active":false,"_monsterinsights_sitenote_note":"","_monsterinsights_sitenote_category":0,"footnotes":""},"acf":[],"_links":{"self":[{"href":"https:\/\/www.fabianurban.pl\/en\/wp-json\/wp\/v2\/pages\/151"}],"collection":[{"href":"https:\/\/www.fabianurban.pl\/en\/wp-json\/wp\/v2\/pages"}],"about":[{"href":"https:\/\/www.fabianurban.pl\/en\/wp-json\/wp\/v2\/types\/page"}],"author":[{"embeddable":true,"href":"https:\/\/www.fabianurban.pl\/en\/wp-json\/wp\/v2\/users\/1"}],"replies":[{"embeddable":true,"href":"https:\/\/www.fabianurban.pl\/en\/wp-json\/wp\/v2\/comments?post=151"}],"version-history":[{"count":38,"href":"https:\/\/www.fabianurban.pl\/en\/wp-json\/wp\/v2\/pages\/151\/revisions"}],"predecessor-version":[{"id":475,"href":"https:\/\/www.fabianurban.pl\/en\/wp-json\/wp\/v2\/pages\/151\/revisions\/475"}],"wp:attachment":[{"href":"https:\/\/www.fabianurban.pl\/en\/wp-json\/wp\/v2\/media?parent=151"}],"curies":[{"name":"wp","href":"https:\/\/api.w.org\/{rel}","templated":true}]}}