{"id":66,"date":"2023-11-14T18:12:24","date_gmt":"2023-11-14T17:12:24","guid":{"rendered":"https:\/\/www.fabianurban.pl\/?page_id=66"},"modified":"2024-01-20T13:11:07","modified_gmt":"2024-01-20T12:11:07","slug":"operacje-twarzy","status":"publish","type":"page","link":"https:\/\/www.fabianurban.pl\/en\/start\/operacje-twarzy\/","title":{"rendered":"Facial surgery"},"content":{"rendered":"<div style=\"height:50px\" aria-hidden=\"true\" class=\"wp-block-spacer\"><\/div>\n\n\n\n<div class=\"wp-block-group\"><div class=\"wp-block-group__inner-container is-layout-constrained wp-block-group-is-layout-constrained\">\n<div class=\"wp-block-columns is-layout-flex wp-container-core-columns-is-layout-1 wp-block-columns-is-layout-flex\">\n<div class=\"wp-block-column is-layout-flow wp-block-column-is-layout-flow\">\n<h2 class=\"wp-block-heading\">EYELID CORRECTION<\/h2>\n\n\n\n<p>Eyelid correction or blepharoplasty is a procedure designed to restore a youthful appearance and a fresher look to the eyes. Patients decide on eyelid correction surgery for a variety of reasons that include both aesthetic and functional aspects.&nbsp;<\/p>\n\n\n\n<p>Eyelid correction surgery involves removal of excess skin, thereby improving skin tone. In some cases removal of fatty hernias is also necessary. The incision is made in the natural fold so that the scars after the procedure are as inconspicuous as possible.<\/p>\n\n\n<div class=\"wp-block-image\">\n<figure class=\"aligncenter size-full\"><img loading=\"lazy\" decoding=\"async\" width=\"542\" height=\"430\" src=\"https:\/\/www.fabianurban.pl\/wp-content\/uploads\/2024\/01\/korekta-powiek_przed_po.png\" alt=\"\" class=\"wp-image-244\" srcset=\"https:\/\/www.fabianurban.pl\/wp-content\/uploads\/2024\/01\/korekta-powiek_przed_po.png 542w, https:\/\/www.fabianurban.pl\/wp-content\/uploads\/2024\/01\/korekta-powiek_przed_po-300x238.png 300w\" sizes=\"(max-width: 542px) 100vw, 542px\" \/><\/figure><\/div><\/div>\n<\/div>\n\n\n\n<div style=\"height:51px\" aria-hidden=\"true\" class=\"wp-block-spacer\"><\/div>\n\n\n\n<div class=\"wp-block-columns is-layout-flex wp-container-core-columns-is-layout-2 wp-block-columns-is-layout-flex\">\n<div class=\"wp-block-column is-layout-flow wp-block-column-is-layout-flow\">\n<h2 class=\"wp-block-heading\">EAR CORRECTION<\/h2>\n\n\n\n<p>Ear correction, also known as otoplasty, is a surgical procedure to improve the appearance of ears for people who struggle with protruding auricles or unusually shaped ears. Correction of protruding auricles involves making an incision on the posterior surface of the auricle, followed by removal of subcutaneous tissue, exposure of the cartilaginous skeleton and placement of shaping sutures.<\/p>\n\n\n\n<p>Otoplasty can help to harmonize facial proportions, which is important, especially if protruding ears dominate other facial features. It is also worth mentioning that ear correction is not only performed on adults; children and adolescents are also patients.<\/p>\n<\/div>\n<\/div>\n<\/div><\/div>\n\n\n\n<figure class=\"wp-block-image size-large\"><img loading=\"lazy\" decoding=\"async\" width=\"819\" height=\"1024\" src=\"https:\/\/www.fabianurban.pl\/wp-content\/uploads\/2023\/12\/Zdjecie4-819x1024.webp\" alt=\"\" class=\"wp-image-176\" srcset=\"https:\/\/www.fabianurban.pl\/wp-content\/uploads\/2023\/12\/Zdjecie4-819x1024.webp 819w, https:\/\/www.fabianurban.pl\/wp-content\/uploads\/2023\/12\/Zdjecie4-240x300.webp 240w, https:\/\/www.fabianurban.pl\/wp-content\/uploads\/2023\/12\/Zdjecie4-768x960.webp 768w, https:\/\/www.fabianurban.pl\/wp-content\/uploads\/2023\/12\/Zdjecie4.webp 1080w\" sizes=\"(max-width: 819px) 100vw, 819px\" \/><\/figure>","protected":false},"excerpt":{"rendered":"<p>KOREKTA POWIEK Korekta powiek, inaczej blefaroplastyka, to zabieg maj\u0105cy na celu przywr\u00f3cenie oczom m\u0142odzie\u0144czego wygl\u0105du i bardziej \u015bwie\u017cego spojrzenia. Pacjenci decyduj\u0105 si\u0119 na zabieg korekty powiek z r\u00f3\u017cnych powod\u00f3w, kt\u00f3re obejmuj\u0105 zar\u00f3wno aspekty estetyczne jak i funkcjonalne.&nbsp; Zabieg korekty powiek polega na usuni\u0119ciu nadmiaru sk\u00f3ry, przez co poprawia si\u0119 jej napi\u0119cie. W niekt\u00f3rych przypadkach konieczne [&hellip;]<\/p>","protected":false},"author":1,"featured_media":0,"parent":6,"menu_order":0,"comment_status":"closed","ping_status":"closed","template":"","meta":{"_acf_changed":false,"_monsterinsights_skip_tracking":false,"_monsterinsights_sitenote_active":false,"_monsterinsights_sitenote_note":"","_monsterinsights_sitenote_category":0,"footnotes":""},"acf":[],"_links":{"self":[{"href":"https:\/\/www.fabianurban.pl\/en\/wp-json\/wp\/v2\/pages\/66"}],"collection":[{"href":"https:\/\/www.fabianurban.pl\/en\/wp-json\/wp\/v2\/pages"}],"about":[{"href":"https:\/\/www.fabianurban.pl\/en\/wp-json\/wp\/v2\/types\/page"}],"author":[{"embeddable":true,"href":"https:\/\/www.fabianurban.pl\/en\/wp-json\/wp\/v2\/users\/1"}],"replies":[{"embeddable":true,"href":"https:\/\/www.fabianurban.pl\/en\/wp-json\/wp\/v2\/comments?post=66"}],"version-history":[{"count":6,"href":"https:\/\/www.fabianurban.pl\/en\/wp-json\/wp\/v2\/pages\/66\/revisions"}],"predecessor-version":[{"id":247,"href":"https:\/\/www.fabianurban.pl\/en\/wp-json\/wp\/v2\/pages\/66\/revisions\/247"}],"up":[{"embeddable":true,"href":"https:\/\/www.fabianurban.pl\/en\/wp-json\/wp\/v2\/pages\/6"}],"wp:attachment":[{"href":"https:\/\/www.fabianurban.pl\/en\/wp-json\/wp\/v2\/media?parent=66"}],"curies":[{"name":"wp","href":"https:\/\/api.w.org\/{rel}","templated":true}]}}